{"id":8,"date":"2019-03-17T21:39:28","date_gmt":"2019-03-17T21:39:28","guid":{"rendered":"http:\/\/www.aktivkreis.goetze-media.de\/?page_id=8"},"modified":"2020-02-02T19:51:10","modified_gmt":"2020-02-02T17:51:10","slug":"aktivkreis","status":"publish","type":"page","link":"https:\/\/www.aktivkreis-frechen.de\/index.php\/aktivkreis\/","title":{"rendered":"Aktivkreis"},"content":{"rendered":"<p>Der Aktivkreis Frechen e.V. ist der Zusammenschluss vieler Frechener Einzelh\u00e4ndler, Eigent\u00fcmer von Geb\u00e4uden und Menschen, die am Erhalt und dem Ausbau unseres lebendigen, lebens- und liebenswerten Zentrums<br \/>\ninteressiert sind.<\/p>\n<p>St\u00e4ndig arbeiten wir an der Fortentwicklung unserer attraktiven Innenstadt und sind Gespr\u00e4chspartner von Verwaltung, Politik und nat\u00fcrlich der B\u00fcrger.<\/p>\n<p>Zusammen mit professionellen Veranstaltern organisieren wir unter anderem den Fr\u00fchlingsmarkt, den Stoffmarkt, das Stadtfest, die Herbstkirmes und den Martinsmarkt.<\/p>\n<p>Die Mitgliedsbeitr\u00e4ge werden eingesetzt, um die Innenstadt aufzuwerten und um Feste und verkaufsoffene Sonntage zu organisieren. Die damit verbundenen vierstelligen Kosten m\u00fcssen durch die Beitr\u00e4ge gedeckt werden. Kosten sind z.B.: Werbung und Plakate f\u00fcr Feste, Ausfall der KVB (es darf keine Bahn fahren, wenn Feste auf der Hauptstra\u00dfe sind), Finanzierung der Weihnachtsbeleuchtung (Montage, Strom, Demontage, Einlagerung, Instandsetzung und Neukauf) und GEMA-Geb\u00fchren f\u00fcr die Musik bei den Stadtfesten.<\/p>\n<p>Neben dem Mitgestalten des Zentrums hat die Mitgliedschaft im Aktivkreis aber auch viele Vorteile durch Rabatte bei der Aufgabe von Zeitungswerbung oder durch reduzierte Standmieten bei den Gro\u00dfveranstaltungen.<\/p>\n<p>Werden auch Sie Mitglied im <strong>Aktivkreis Frechen e.V<\/strong>.!<\/p>\n<p>Frechen, lebendig, attraktiv<\/p>\n","protected":false},"excerpt":{"rendered":"<p>Der Aktivkreis Frechen e.V. ist der Zusammenschluss vieler Frechener Einzelh\u00e4ndler, Eigent\u00fcmer von Geb\u00e4uden und Menschen, die am Erhalt und dem Ausbau unseres lebendigen, lebens- und liebenswerten Zentrums interessiert sind. St\u00e4ndig arbeiten wir an der Fortentwicklung unserer attraktiven Innenstadt und sind Gespr\u00e4chspartner von Verwaltung, Politik und nat\u00fcrlich der B\u00fcrger. Zusammen mit professionellen Veranstaltern organisieren wir unter<\/p>\n","protected":false},"author":1,"featured_media":0,"parent":0,"menu_order":0,"comment_status":"closed","ping_status":"closed","template":"","meta":{"footnotes":""},"class_list":["post-8","page","type-page","status-publish","hentry"],"_links":{"self":[{"href":"https:\/\/www.aktivkreis-frechen.de\/index.php\/wp-json\/wp\/v2\/pages\/8","targetHints":{"allow":["GET"]}}],"collection":[{"href":"https:\/\/www.aktivkreis-frechen.de\/index.php\/wp-json\/wp\/v2\/pages"}],"about":[{"href":"https:\/\/www.aktivkreis-frechen.de\/index.php\/wp-json\/wp\/v2\/types\/page"}],"author":[{"embeddable":true,"href":"https:\/\/www.aktivkreis-frechen.de\/index.php\/wp-json\/wp\/v2\/users\/1"}],"replies":[{"embeddable":true,"href":"https:\/\/www.aktivkreis-frechen.de\/index.php\/wp-json\/wp\/v2\/comments?post=8"}],"version-history":[{"count":3,"href":"https:\/\/www.aktivkreis-frechen.de\/index.php\/wp-json\/wp\/v2\/pages\/8\/revisions"}],"predecessor-version":[{"id":341,"href":"https:\/\/www.aktivkreis-frechen.de\/index.php\/wp-json\/wp\/v2\/pages\/8\/revisions\/341"}],"wp:attachment":[{"href":"https:\/\/www.aktivkreis-frechen.de\/index.php\/wp-json\/wp\/v2\/media?parent=8"}],"curies":[{"name":"wp","href":"https:\/\/api.w.org\/{rel}","templated":true}]}}