{"id":243,"date":"2013-10-03T14:43:00","date_gmt":"2013-10-03T12:43:00","guid":{"rendered":"http:\/\/www.aktivkreis.goetze-media.de\/index.php\/martinsmarkt-2014\/"},"modified":"2013-10-03T14:43:00","modified_gmt":"2013-10-03T12:43:00","slug":"martinsmarkt-2014","status":"publish","type":"page","link":"https:\/\/www.aktivkreis-frechen.de\/index.php\/martinsmarkt-2014\/","title":{"rendered":"15.-16.11.2014 Martinsmarkt"},"content":{"rendered":"<p><img decoding=\"async\" class=\" size-full wp-image-181\" style=\"border: 0px none;\" src=\"http:\/\/www.aktivkreis.goetze-media.de\/wp-content\/uploads\/2013\/04\/martinsmarkt_klein.jpg\" alt=\"martinsmarkt klein\" width=\"239\" height=\"159\" \/><\/p>\n<p><strong><strong>Martinsmarkt in Frechen<\/strong><\/strong><\/p>\n<p>  <!--more-->  <\/p>\n<table border=\"0\">\n<tbody>\n<tr>\n<td>&nbsp;<\/td>\n<td rowspan=\"2\">&nbsp;<\/td>\n<\/tr>\n<tr>\n<td>\n<p><img fetchpriority=\"high\" decoding=\"async\" class=\" alignleft size-full wp-image-183\" style=\"border: 0px none; float: left;\" src=\"http:\/\/www.aktivkreis.goetze-media.de\/wp-content\/uploads\/2013\/04\/martinsmarkt_stand_gross.jpg\" alt=\"martinsmarkt stand gross\" width=\"327\" height=\"217\" \/><\/p>\n<p><span style=\"font-size: 12pt;\"><strong>&#8230; Sonne, Mond und Sterne<\/strong><\/span><br \/><span style=\"font-size: 12pt;\"><strong>Willkommen zum Frechener Martinsmarkt<\/strong><\/span><\/p>\n<p><span style=\"font-size: 10pt;\">&#8230; geniessen Sie in angenehmer Atmosph\u00e4re alles rund um das Martinsfest.<\/span><br \/><span style=\"font-size: 10pt;\">Ein vielseitiges Angebot aus dem Repertoire des Kunsthandwerks l\u00e4dt zum Bummeln ein.<\/span><br \/><span style=\"font-size: 10pt;\">Ob T\u00f6pferhandwerk, Glaskunst und vieles mehr, viele Kunsthandwerker freuen sich, Ihnen ihr Angebot pr\u00e4sentieren zu k\u00f6nnen.<\/span><br \/><span style=\"font-size: 10pt;\">Und &#8230; auch an die Kids ist gedacht. <\/span><br \/><span style=\"font-size: 10pt;\">Lassen Sie sich \u00fcberraschen und verbringen Sie lebendige Stunden in Frechen.<\/span><\/p>\n<\/td>\n<\/tr>\n<\/tbody>\n<\/table>\n<p><span style=\"font-size: 14pt;\">&nbsp;<\/span><\/p>\n<p>&nbsp;<\/p>\n<p>&nbsp;<\/p>\n<p><img decoding=\"async\" class=\" alignleft size-full wp-image-184\" style=\"float: left;\" src=\"http:\/\/www.aktivkreis.goetze-media.de\/wp-content\/uploads\/2013\/04\/martinsmarkt_gross.jpg\" alt=\"martinsmarkt gross\" width=\"718\" height=\"476\" \/><\/p>\n<p>&nbsp;<span style=\"font-size: 10pt;\">Unser Veranstaltungspartner: Gaudium Veranstaltungs-GmbH &amp; Co. KG,<a href=\"http:\/\/www.gaudium.de\"> www.gaudium.de<\/a><\/span><\/p>\n<p><strong><span style=\"font-size: 14pt;\">&nbsp;<\/span><\/strong><\/p>\n<p>&nbsp;<\/p>\n<p><span style=\"font-size: 12px;\">&nbsp;<\/span><\/p>\n","protected":false},"excerpt":{"rendered":"<p>Martinsmarkt in Frechen<\/p>\n","protected":false},"author":1,"featured_media":181,"parent":0,"menu_order":12,"comment_status":"closed","ping_status":"closed","template":"","meta":{"footnotes":""},"class_list":["post-243","page","type-page","status-publish","has-post-thumbnail","hentry"],"_links":{"self":[{"href":"https:\/\/www.aktivkreis-frechen.de\/index.php\/wp-json\/wp\/v2\/pages\/243","targetHints":{"allow":["GET"]}}],"collection":[{"href":"https:\/\/www.aktivkreis-frechen.de\/index.php\/wp-json\/wp\/v2\/pages"}],"about":[{"href":"https:\/\/www.aktivkreis-frechen.de\/index.php\/wp-json\/wp\/v2\/types\/page"}],"author":[{"embeddable":true,"href":"https:\/\/www.aktivkreis-frechen.de\/index.php\/wp-json\/wp\/v2\/users\/1"}],"replies":[{"embeddable":true,"href":"https:\/\/www.aktivkreis-frechen.de\/index.php\/wp-json\/wp\/v2\/comments?post=243"}],"version-history":[{"count":0,"href":"https:\/\/www.aktivkreis-frechen.de\/index.php\/wp-json\/wp\/v2\/pages\/243\/revisions"}],"wp:featuredmedia":[{"embeddable":true,"href":"https:\/\/www.aktivkreis-frechen.de\/index.php\/wp-json\/wp\/v2\/media\/181"}],"wp:attachment":[{"href":"https:\/\/www.aktivkreis-frechen.de\/index.php\/wp-json\/wp\/v2\/media?parent=243"}],"curies":[{"name":"wp","href":"https:\/\/api.w.org\/{rel}","templated":true}]}}