{"id":202,"date":"2013-04-19T06:17:32","date_gmt":"2013-04-19T04:17:32","guid":{"rendered":"http:\/\/www.aktivkreis.goetze-media.de\/index.php\/werden-sie-mitglied\/"},"modified":"2023-02-22T18:40:18","modified_gmt":"2023-02-22T16:40:18","slug":"werden-sie-mitglied","status":"publish","type":"page","link":"https:\/\/www.aktivkreis-frechen.de\/index.php\/werden-sie-mitglied\/","title":{"rendered":"Werden Sie Mitglied"},"content":{"rendered":"\n<div class=\"wp-block-columns is-layout-flex wp-container-core-columns-is-layout-9d6595d7 wp-block-columns-is-layout-flex\">\n<div class=\"wp-block-column is-vertically-aligned-top is-layout-flow wp-block-column-is-layout-flow\" style=\"flex-basis:25%\"><ul id=\"menu-contact\" class=\"menu\"><li id=\"menu-item-345\" class=\"menu-item menu-item-type-post_type menu-item-object-page menu-item-345\"><a href=\"https:\/\/www.aktivkreis-frechen.de\/index.php\/kontakt\/\">Kontakt<\/a><\/li>\n<li id=\"menu-item-346\" class=\"menu-item menu-item-type-post_type menu-item-object-page menu-item-346\"><a href=\"https:\/\/www.aktivkreis-frechen.de\/index.php\/kontakt\/vorstand\/\">Vorstand<\/a><\/li>\n<li id=\"menu-item-347\" class=\"menu-item menu-item-type-post_type menu-item-object-page menu-item-347\"><a href=\"https:\/\/www.aktivkreis-frechen.de\/index.php\/werden-sie-mitglied\/\">Werden Sie Mitglied<\/a><\/li>\n<li id=\"menu-item-348\" class=\"menu-item menu-item-type-post_type menu-item-object-page menu-item-348\"><a href=\"https:\/\/www.aktivkreis-frechen.de\/index.php\/satzung\/\">Satzung<\/a><\/li>\n<li id=\"menu-item-349\" class=\"menu-item menu-item-type-post_type menu-item-object-page menu-item-349\"><a href=\"https:\/\/www.aktivkreis-frechen.de\/index.php\/impressum\/\">Impressum \/ Datenschutz \/ Disclaimer<\/a><\/li>\n<\/ul>\n<\/div>\n\n\n\n<div class=\"wp-block-column is-layout-flow wp-block-column-is-layout-flow\" style=\"flex-basis:37.5%\">\n<p><span style=\"font-size: 14pt;\"><strong>So werden Sie Mitglied&nbsp;&nbsp;&nbsp;&nbsp;&nbsp;&nbsp;&nbsp;&nbsp;&nbsp; <br><\/strong><\/span><\/p>\n<ul>\n<li><strong>Anmeldung runterladen<\/strong><\/li>\n<li><strong>ausdrucken<\/strong><\/li>\n<li><strong>ausf\u00fcllen<\/strong><\/li>\n<li><strong>an die Gesch\u00e4ftsstelle schicken.<\/strong><\/li>\n<\/ul>\n<p><a href=\"https:\/\/www.aktivkreis-frechen.de\/wp-content\/uploads\/2021\/11\/Mitgliedsantrag-neu-2021.pdf\" target=\"_blank\" rel=\"noopener noreferrer\"><img fetchpriority=\"high\" decoding=\"async\" class=\"alignleft wp-image-200 size-medium\" src=\"https:\/\/www.aktivkreis-frechen.de\/wp-content\/uploads\/2013\/04\/formular_aufnahmeantrag-258x300.jpg\" alt=\"formular aufnahmeantrag\" width=\"258\" height=\"300\" srcset=\"https:\/\/www.aktivkreis-frechen.de\/wp-content\/uploads\/2013\/04\/formular_aufnahmeantrag-258x300.jpg 258w, https:\/\/www.aktivkreis-frechen.de\/wp-content\/uploads\/2013\/04\/formular_aufnahmeantrag.jpg 340w\" sizes=\"(max-width: 258px) 100vw, 258px\" \/><\/a><\/p>\n<\/div>\n\n\n\n<div class=\"wp-block-column is-layout-flow wp-block-column-is-layout-flow\" style=\"flex-basis:37.5%\">\n<p><span style=\"font-size: 14pt;\"><strong>Ihre Vorteile als Mitglied:<\/strong><\/span><\/p>\n<ul>\n<li><strong> Rabatte bei Anzeigen in lokalen Zeitungen<\/strong><\/li>\n<li><strong>g\u00fcnstigere Konditionen bei der Teilnahme an Gro\u00dfveranstaltungen des Aktivkreises<\/strong><\/li>\n<li><strong>bessere Informationen aus der Stadtverwaltung <\/strong><\/li>\n<li><strong>Unterst\u00fctzung bei gewerblichen Vorhaben <\/strong><\/li>\n<li><strong>fr\u00fchzeitige Information und Mitgestaltungsm\u00f6glichkeit bei vielen lokalen, gesch\u00e4ftlich relevanten Vorhaben<\/strong><\/li>\n<\/ul>\n<\/div>\n<\/div>\n\n\n\n<div class=\"wp-block-columns is-layout-flex wp-container-core-columns-is-layout-9d6595d7 wp-block-columns-is-layout-flex\">\n<div class=\"wp-block-column is-layout-flow wp-block-column-is-layout-flow\" style=\"flex-basis:25%\"><\/div>\n\n\n\n<div class=\"wp-block-column is-layout-flow wp-block-column-is-layout-flow\" style=\"flex-basis:75%\">\n<p><strong data-rich-text-format-boundary=\"true\">Gesch\u00e4ftsstelle:<\/strong><\/p>\n<p>Aktivkreis Frechen e.V.<br data-rich-text-line-break=\"true\" \/>Dr.-Tusch-Str. 34, 50226 Frechen<br data-rich-text-line-break=\"true\" \/>Telefon: +49-2234-2198490, FAX: auf Anfrage<\/p>\n<\/div>\n<\/div>\n\n\n\n<p><\/p>\n","protected":false},"excerpt":{"rendered":"<p>So werden Sie Mitglied&nbsp;&nbsp;&nbsp;&nbsp;&nbsp;&nbsp;&nbsp;&nbsp;&nbsp; Anmeldung runterladen ausdrucken ausf\u00fcllen an die Gesch\u00e4ftsstelle schicken. Ihre Vorteile als Mitglied: Rabatte bei Anzeigen in lokalen Zeitungen g\u00fcnstigere Konditionen bei der Teilnahme an Gro\u00dfveranstaltungen des Aktivkreises bessere Informationen aus der Stadtverwaltung Unterst\u00fctzung bei gewerblichen Vorhaben fr\u00fchzeitige Information und Mitgestaltungsm\u00f6glichkeit bei vielen lokalen, gesch\u00e4ftlich relevanten Vorhaben Gesch\u00e4ftsstelle: Aktivkreis Frechen e.V.Dr.-Tusch-Str. 34,<\/p>\n","protected":false},"author":1,"featured_media":0,"parent":0,"menu_order":8,"comment_status":"closed","ping_status":"closed","template":"","meta":{"footnotes":""},"class_list":["post-202","page","type-page","status-publish","hentry"],"_links":{"self":[{"href":"https:\/\/www.aktivkreis-frechen.de\/index.php\/wp-json\/wp\/v2\/pages\/202","targetHints":{"allow":["GET"]}}],"collection":[{"href":"https:\/\/www.aktivkreis-frechen.de\/index.php\/wp-json\/wp\/v2\/pages"}],"about":[{"href":"https:\/\/www.aktivkreis-frechen.de\/index.php\/wp-json\/wp\/v2\/types\/page"}],"author":[{"embeddable":true,"href":"https:\/\/www.aktivkreis-frechen.de\/index.php\/wp-json\/wp\/v2\/users\/1"}],"replies":[{"embeddable":true,"href":"https:\/\/www.aktivkreis-frechen.de\/index.php\/wp-json\/wp\/v2\/comments?post=202"}],"version-history":[{"count":7,"href":"https:\/\/www.aktivkreis-frechen.de\/index.php\/wp-json\/wp\/v2\/pages\/202\/revisions"}],"predecessor-version":[{"id":801,"href":"https:\/\/www.aktivkreis-frechen.de\/index.php\/wp-json\/wp\/v2\/pages\/202\/revisions\/801"}],"wp:attachment":[{"href":"https:\/\/www.aktivkreis-frechen.de\/index.php\/wp-json\/wp\/v2\/media?parent=202"}],"curies":[{"name":"wp","href":"https:\/\/api.w.org\/{rel}","templated":true}]}}